{"id":2358,"date":"2022-09-02T17:17:32","date_gmt":"2022-09-02T15:17:32","guid":{"rendered":"https:\/\/www.convegnochitarra.it\/?page_id=2358"},"modified":"2024-08-14T23:37:44","modified_gmt":"2024-08-14T21:37:44","slug":"storia","status":"publish","type":"page","link":"https:\/\/www.convegnochitarra.it\/index.php\/storia\/","title":{"rendered":"Storia"},"content":{"rendered":"\t\t<div data-elementor-type=\"wp-page\" data-elementor-id=\"2358\" class=\"elementor elementor-2358\">\n\t\t\t\t\t\t<section class=\"elementor-section elementor-top-section elementor-element elementor-element-1c46fa2 elementor-section-boxed elementor-section-height-default elementor-section-height-default\" data-id=\"1c46fa2\" data-element_type=\"section\" data-settings=\"{&quot;background_background&quot;:&quot;classic&quot;}\">\n\t\t\t\t\t\t<div class=\"elementor-container elementor-column-gap-default\">\n\t\t\t\t\t<div class=\"elementor-column elementor-col-100 elementor-top-column elementor-element elementor-element-3692aad\" data-id=\"3692aad\" data-element_type=\"column\">\n\t\t\t<div class=\"elementor-widget-wrap elementor-element-populated\">\n\t\t\t\t\t\t<div class=\"elementor-element elementor-element-dea02b6 elementor-widget elementor-widget-image-box\" data-id=\"dea02b6\" data-element_type=\"widget\" data-widget_type=\"image-box.default\">\n\t\t\t\t<div class=\"elementor-widget-container\">\n\t\t\t<style>\/*! elementor - v3.23.0 - 05-08-2024 *\/\n.elementor-widget-image-box .elementor-image-box-content{width:100%}@media (min-width:768px){.elementor-widget-image-box.elementor-position-left .elementor-image-box-wrapper,.elementor-widget-image-box.elementor-position-right .elementor-image-box-wrapper{display:flex}.elementor-widget-image-box.elementor-position-right .elementor-image-box-wrapper{text-align:end;flex-direction:row-reverse}.elementor-widget-image-box.elementor-position-left .elementor-image-box-wrapper{text-align:start;flex-direction:row}.elementor-widget-image-box.elementor-position-top .elementor-image-box-img{margin:auto}.elementor-widget-image-box.elementor-vertical-align-top .elementor-image-box-wrapper{align-items:flex-start}.elementor-widget-image-box.elementor-vertical-align-middle .elementor-image-box-wrapper{align-items:center}.elementor-widget-image-box.elementor-vertical-align-bottom .elementor-image-box-wrapper{align-items:flex-end}}@media (max-width:767px){.elementor-widget-image-box .elementor-image-box-img{margin-left:auto!important;margin-right:auto!important;margin-bottom:15px}}.elementor-widget-image-box .elementor-image-box-img{display:inline-block}.elementor-widget-image-box .elementor-image-box-title a{color:inherit}.elementor-widget-image-box .elementor-image-box-wrapper{text-align:center}.elementor-widget-image-box .elementor-image-box-description{margin:0}<\/style><div class=\"elementor-image-box-wrapper\"><div class=\"elementor-image-box-content\"><h1 class=\"elementor-image-box-title\">La nostra storia<\/h1><p class=\"elementor-image-box-description\">\n<\/p><\/div><\/div>\t\t<\/div>\n\t\t\t\t<\/div>\n\t\t\t\t\t<\/div>\n\t\t<\/div>\n\t\t\t\t\t<\/div>\n\t\t<\/section>\n\t\t\t\t<section class=\"elementor-section elementor-top-section elementor-element elementor-element-e63241b elementor-section-content-middle elementor-section-boxed elementor-section-height-default elementor-section-height-default\" data-id=\"e63241b\" data-element_type=\"section\" data-settings=\"{&quot;background_background&quot;:&quot;classic&quot;}\">\n\t\t\t\t\t\t<div class=\"elementor-container elementor-column-gap-wide\">\n\t\t\t\t\t<div class=\"elementor-column elementor-col-100 elementor-top-column elementor-element elementor-element-a014631\" data-id=\"a014631\" data-element_type=\"column\" data-settings=\"{&quot;background_background&quot;:&quot;classic&quot;}\">\n\t\t\t<div class=\"elementor-widget-wrap elementor-element-populated\">\n\t\t\t\t\t\t<div class=\"elementor-element elementor-element-8b6dff8 elementor-widget elementor-widget-text-editor\" data-id=\"8b6dff8\" data-element_type=\"widget\" data-widget_type=\"text-editor.default\">\n\t\t\t\t<div class=\"elementor-widget-container\">\n\t\t\t<style>\/*! elementor - v3.23.0 - 05-08-2024 *\/\n.elementor-widget-text-editor.elementor-drop-cap-view-stacked .elementor-drop-cap{background-color:#69727d;color:#fff}.elementor-widget-text-editor.elementor-drop-cap-view-framed .elementor-drop-cap{color:#69727d;border:3px solid;background-color:transparent}.elementor-widget-text-editor:not(.elementor-drop-cap-view-default) .elementor-drop-cap{margin-top:8px}.elementor-widget-text-editor:not(.elementor-drop-cap-view-default) .elementor-drop-cap-letter{width:1em;height:1em}.elementor-widget-text-editor .elementor-drop-cap{float:left;text-align:center;line-height:1;font-size:50px}.elementor-widget-text-editor .elementor-drop-cap-letter{display:inline-block}<\/style>\t\t\t\t<p>Dirigendo dal 1991 <em>Seicorde<\/em>, un piccolo giornale dedicato esclusivamente alla chitarra classica, mi ero reso conto che uno dei problemi che affliggeva il settore non era la mancanza di valenti professionisti, concertisti, insegnanti, ricercatori, liutai \u2013 anzi, avevo fatto tanti incontri di qualit\u00e0 \u2013 ma la difficolt\u00e0, per non dire la diffidenza, che avevano molti di loro nel confrontarsi, nell&#8217;incontrarsi, nel riconoscersi reciprocamente i meriti e il valore.<\/p>\t\t\t\t\t\t<\/div>\n\t\t\t\t<\/div>\n\t\t\t\t<div class=\"elementor-element elementor-element-4748804 elementor-widget elementor-widget-text-editor\" data-id=\"4748804\" data-element_type=\"widget\" data-widget_type=\"text-editor.default\">\n\t\t\t\t<div class=\"elementor-widget-container\">\n\t\t\t\t\t\t\t<p>Fu cos\u00ec che parlando con altri colleghi durante Interexpo Music \u2013 una fiera dello strumento musicale che si svolgeva negli anni Novanta a Pesaro \u2013 nel 1996 lanciai l&#8217;idea di dare vita a un convegno annuale dove i professionisti della chitarra avrebbero potuto incontrarsi e scambiarsi punti di vista, aggiornamenti, criticit\u00e0, soluzioni. Pensai che sarebbe stato utile creare anche dei premi destinati non ai giovani, come gi\u00e0 accadeva nei concorsi di esecuzione, ma ad adulti che avevano dimostrato con il proprio lavoro le loro capacit\u00e0. Con una certa audacia le chiamai &#8220;Chitarre d&#8217;oro&#8221;, a sottolineare non tanto la preziosit\u00e0 del premio, quanto l&#8217;eccellenza delle personalit\u00e0 a cui sarebbero state assegnate. Giacch\u00e9 all&#8217;epoca non esisteva Internet, pensai che durante il Convegno sarebbe stato utile e di grande attrazione organizzare una parallela mostra-mercato, molto semplice e spartana, dove editori, discografici, liutai, produttori di accessori, festival, avrebbero potuto esporre le loro novit\u00e0.<\/p>\t\t\t\t\t\t<\/div>\n\t\t\t\t<\/div>\n\t\t\t\t<div class=\"elementor-element elementor-element-b927a09 elementor-widget elementor-widget-text-editor\" data-id=\"b927a09\" data-element_type=\"widget\" data-widget_type=\"text-editor.default\">\n\t\t\t\t<div class=\"elementor-widget-container\">\n\t\t\t\t\t\t\tInfine mi cimentai nel compito pi\u00f9 difficile: mettere in piedi un comitato scientifico formato non solo da chitarristi e musicisti competenti e informati, ma soprattutto dotati della qualit\u00e0 pi\u00f9 rara negli essere umani: l&#8217;equilibrio e l&#8217;imparzialit\u00e0. Perch\u00e9 dover scegliere ogni anno quali relatori invitare, quali concertisti ingaggiare e individuare la rosa dei premiati che avrebbero ricevuto le Chitarre d&#8217;oro richiedeva una decisione pluralistica e disinteressata. Non posso nascondere che nei primi anni \u00e8 stata dura: la tendenza a riconoscere e premiare membri del proprio clan \u00e8 fortissima, ma lontana dai miei obiettivi. Cos\u00ec nel primo decennio di attivit\u00e0 il comitato ha accolto e avvicendato personalit\u00e0 diverse fino a quando ha trovato una squadra di lavoro che assicurava competenza ed equilibrio.\nIl Convegno, dopo la prima edizione a Pesaro, si \u00e8 svolto per molti anni al Conservatorio di Alessandria, grazie all&#8217;ospitalit\u00e0 della famiglia Pittaluga che organizza l&#8217;omonimo concorso di esecuzione, per approdare dal 2019 al Conservatorio di Milano.\nIl primo direttore artistico \u00e8 stato il sottoscritto che ha guidato il Convegno per 15 anni, quindi Giovanni Podera per 9 anni, e dal 2020 ha assunto questo importante incarico Fr\u00e9d\u00e9ric Zigante.\n\t\t\t\t\t\t<\/div>\n\t\t\t\t<\/div>\n\t\t\t\t<div class=\"elementor-element elementor-element-43f167a elementor-widget elementor-widget-text-editor\" data-id=\"43f167a\" data-element_type=\"widget\" data-widget_type=\"text-editor.default\">\n\t\t\t\t<div class=\"elementor-widget-container\">\n\t\t\t\t\t\t\t<p>In 29 edizioni il Convegno ha ospitato centinaia di relatori, concertisti, ricercatori, liutai, sono state conferite duecento Chitarre d&#8217;oro e ha richiamato molte migliaia di appassionati da tutta Italia e dell&#8217;estero. Sono stati pubblicati gli Atti del Convegno che oggi rappresentano un prezioso patrimonio culturale che documenta, dalla viva voce di molte personalit\u00e0 ormai scomparse, gli ultimi trent&#8217;anni di storia della chitarra.<br \/>Persino nel 2020, il terribile anno della pandemia che ha bloccato tutte le iniziative congressuali e del mondo dello spettacolo, il Convegno si \u00e8 svolto nel rispetto delle severe restrizioni sanitarie. Perch\u00e9 la passione per la chitarra, lo sa bene chi l&#8217;ha studiata, \u00e8 qualcosa che ti porti dentro per tutta la vita e riesce a compiere il miracolo di non farti mai pensare che occuparsi delle sei corde sia un lavoro, ma solo una bellissima avventura.<\/p>\t\t\t\t\t\t<\/div>\n\t\t\t\t<\/div>\n\t\t\t\t<div class=\"elementor-element elementor-element-ee47cc4 elementor-widget elementor-widget-text-editor\" data-id=\"ee47cc4\" data-element_type=\"widget\" data-widget_type=\"text-editor.default\">\n\t\t\t\t<div class=\"elementor-widget-container\">\n\t\t\t\t\t\t\t<p><strong>Filippo Michelangeli<\/strong>,<br \/>fondatore e presidente<\/p>\t\t\t\t\t\t<\/div>\n\t\t\t\t<\/div>\n\t\t\t\t\t<\/div>\n\t\t<\/div>\n\t\t\t\t\t<\/div>\n\t\t<\/section>\n\t\t\t\t<section class=\"elementor-section elementor-top-section elementor-element elementor-element-c063a3f elementor-section-boxed elementor-section-height-default elementor-section-height-default\" data-id=\"c063a3f\" data-element_type=\"section\">\n\t\t\t\t\t\t<div class=\"elementor-container elementor-column-gap-default\">\n\t\t\t\t\t<div class=\"elementor-column elementor-col-100 elementor-top-column elementor-element elementor-element-dae8cad\" data-id=\"dae8cad\" data-element_type=\"column\">\n\t\t\t<div class=\"elementor-widget-wrap elementor-element-populated\">\n\t\t\t\t\t\t<div class=\"elementor-element elementor-element-2f64ec6 elementor-widget elementor-widget-html\" data-id=\"2f64ec6\" data-element_type=\"widget\" data-widget_type=\"html.default\">\n\t\t\t\t<div class=\"elementor-widget-container\">\n\t\t\t<script id=\"Cookiebot\" src=\"https:\/\/consent.cookiebot.com\/uc.js\" data-cbid=\"f3466428-7675-479c-b042-0527cc2144bd\" data-blockingmode=\"auto\" type=\"text\/javascript\"><\/script>\t\t<\/div>\n\t\t\t\t<\/div>\n\t\t\t\t\t<\/div>\n\t\t<\/div>\n\t\t\t\t\t<\/div>\n\t\t<\/section>\n\t\t\t\t<\/div>\n\t\t","protected":false},"excerpt":{"rendered":"<p>La nostra storia Dirigendo dal 1991 Seicorde, un piccolo giornale dedicato esclusivamente alla chitarra classica, mi ero reso conto che uno dei problemi che affliggeva il settore non era la mancanza di valenti professionisti, concertisti, insegnanti, ricercatori, liutai \u2013 anzi, avevo fatto tanti incontri di qualit\u00e0 \u2013 ma la difficolt\u00e0, per non dire la diffidenza, [&hellip;]<\/p>\n","protected":false},"author":1,"featured_media":0,"parent":0,"menu_order":0,"comment_status":"closed","ping_status":"closed","template":"","meta":{"site-sidebar-layout":"no-sidebar","site-content-layout":"page-builder","ast-site-content-layout":"","site-content-style":"default","site-sidebar-style":"default","ast-global-header-display":"","ast-banner-title-visibility":"","ast-main-header-display":"","ast-hfb-above-header-display":"","ast-hfb-below-header-display":"","ast-hfb-mobile-header-display":"","site-post-title":"disabled","ast-breadcrumbs-content":"","ast-featured-img":"disabled","footer-sml-layout":"","theme-transparent-header-meta":"","adv-header-id-meta":"","stick-header-meta":"","header-above-stick-meta":"","header-main-stick-meta":"","header-below-stick-meta":"","astra-migrate-meta-layouts":"default","ast-page-background-enabled":"default","ast-page-background-meta":{"desktop":{"background-color":"","background-image":"","background-repeat":"repeat","background-position":"center center","background-size":"auto","background-attachment":"scroll","background-type":"","background-media":"","overlay-type":"","overlay-color":"","overlay-opacity":"","overlay-gradient":""},"tablet":{"background-color":"","background-image":"","background-repeat":"repeat","background-position":"center center","background-size":"auto","background-attachment":"scroll","background-type":"","background-media":"","overlay-type":"","overlay-color":"","overlay-opacity":"","overlay-gradient":""},"mobile":{"background-color":"","background-image":"","background-repeat":"repeat","background-position":"center center","background-size":"auto","background-attachment":"scroll","background-type":"","background-media":"","overlay-type":"","overlay-color":"","overlay-opacity":"","overlay-gradient":""}},"ast-content-background-meta":{"desktop":{"background-color":"var(--ast-global-color-5)","background-image":"","background-repeat":"repeat","background-position":"center center","background-size":"auto","background-attachment":"scroll","background-type":"","background-media":"","overlay-type":"","overlay-color":"","overlay-opacity":"","overlay-gradient":""},"tablet":{"background-color":"var(--ast-global-color-5)","background-image":"","background-repeat":"repeat","background-position":"center center","background-size":"auto","background-attachment":"scroll","background-type":"","background-media":"","overlay-type":"","overlay-color":"","overlay-opacity":"","overlay-gradient":""},"mobile":{"background-color":"var(--ast-global-color-5)","background-image":"","background-repeat":"repeat","background-position":"center center","background-size":"auto","background-attachment":"scroll","background-type":"","background-media":"","overlay-type":"","overlay-color":"","overlay-opacity":"","overlay-gradient":""}},"footnotes":""},"class_list":["post-2358","page","type-page","status-publish","hentry"],"yoast_head":"<!-- This site is optimized with the Yoast SEO plugin v23.3 - https:\/\/yoast.com\/wordpress\/plugins\/seo\/ -->\n<title>Storia - Convegno Internazionale di Chitarra<\/title>\n<meta name=\"description\" content=\"La storia del Convegno internazionale\u2028 di chitarra | Conservatorio \u2028\u201cGiuseppe Verdi\u201d \u2028Sala Puccini \u2028| Sabato 8 ottobre 2022\" \/>\n<meta name=\"robots\" content=\"index, follow, max-snippet:-1, max-image-preview:large, max-video-preview:-1\" \/>\n<link rel=\"canonical\" href=\"https:\/\/www.convegnochitarra.it\/index.php\/storia\/\" \/>\n<meta property=\"og:locale\" content=\"it_IT\" \/>\n<meta property=\"og:type\" content=\"article\" \/>\n<meta property=\"og:title\" content=\"Storia - Convegno Internazionale di Chitarra\" \/>\n<meta property=\"og:description\" content=\"La storia del Convegno internazionale\u2028 di chitarra | Conservatorio \u2028\u201cGiuseppe Verdi\u201d \u2028Sala Puccini \u2028| Sabato 8 ottobre 2022\" \/>\n<meta property=\"og:url\" content=\"https:\/\/www.convegnochitarra.it\/index.php\/storia\/\" \/>\n<meta property=\"og:site_name\" content=\"Convegno Internazionale di Chitarra\" \/>\n<meta property=\"article:publisher\" content=\"https:\/\/www.facebook.com\/convegnochitarra\" \/>\n<meta property=\"article:modified_time\" content=\"2024-08-14T21:37:44+00:00\" \/>\n<meta name=\"twitter:card\" content=\"summary_large_image\" \/>\n<meta name=\"twitter:label1\" content=\"Tempo di lettura stimato\" \/>\n\t<meta name=\"twitter:data1\" content=\"3 minuti\" \/>\n<script type=\"application\/ld+json\" class=\"yoast-schema-graph\">{\"@context\":\"https:\/\/schema.org\",\"@graph\":[{\"@type\":\"WebPage\",\"@id\":\"https:\/\/www.convegnochitarra.it\/index.php\/storia\/\",\"url\":\"https:\/\/www.convegnochitarra.it\/index.php\/storia\/\",\"name\":\"Storia - Convegno Internazionale di Chitarra\",\"isPartOf\":{\"@id\":\"https:\/\/www.convegnochitarra.it\/#website\"},\"datePublished\":\"2022-09-02T15:17:32+00:00\",\"dateModified\":\"2024-08-14T21:37:44+00:00\",\"description\":\"La storia del Convegno internazionale\\u2028 di chitarra | Conservatorio \\u2028\u201cGiuseppe Verdi\u201d \\u2028Sala Puccini \\u2028| Sabato 8 ottobre 2022\",\"breadcrumb\":{\"@id\":\"https:\/\/www.convegnochitarra.it\/index.php\/storia\/#breadcrumb\"},\"inLanguage\":\"it-IT\",\"potentialAction\":[{\"@type\":\"ReadAction\",\"target\":[\"https:\/\/www.convegnochitarra.it\/index.php\/storia\/\"]}]},{\"@type\":\"BreadcrumbList\",\"@id\":\"https:\/\/www.convegnochitarra.it\/index.php\/storia\/#breadcrumb\",\"itemListElement\":[{\"@type\":\"ListItem\",\"position\":1,\"name\":\"Home\",\"item\":\"https:\/\/www.convegnochitarra.it\/\"},{\"@type\":\"ListItem\",\"position\":2,\"name\":\"Storia\"}]},{\"@type\":\"WebSite\",\"@id\":\"https:\/\/www.convegnochitarra.it\/#website\",\"url\":\"https:\/\/www.convegnochitarra.it\/\",\"name\":\"Convegno Internazionale di Chitarra\",\"description\":\"\",\"publisher\":{\"@id\":\"https:\/\/www.convegnochitarra.it\/#organization\"},\"potentialAction\":[{\"@type\":\"SearchAction\",\"target\":{\"@type\":\"EntryPoint\",\"urlTemplate\":\"https:\/\/www.convegnochitarra.it\/?s={search_term_string}\"},\"query-input\":\"required name=search_term_string\"}],\"inLanguage\":\"it-IT\"},{\"@type\":\"Organization\",\"@id\":\"https:\/\/www.convegnochitarra.it\/#organization\",\"name\":\"Convegno Internazionale di Chitarra\",\"url\":\"https:\/\/www.convegnochitarra.it\/\",\"logo\":{\"@type\":\"ImageObject\",\"inLanguage\":\"it-IT\",\"@id\":\"https:\/\/www.convegnochitarra.it\/#\/schema\/logo\/image\/\",\"url\":\"https:\/\/www.convegnochitarra.it\/wp-content\/uploads\/2022\/09\/convegno_logo.jpg\",\"contentUrl\":\"https:\/\/www.convegnochitarra.it\/wp-content\/uploads\/2022\/09\/convegno_logo.jpg\",\"width\":1840,\"height\":718,\"caption\":\"Convegno Internazionale di Chitarra\"},\"image\":{\"@id\":\"https:\/\/www.convegnochitarra.it\/#\/schema\/logo\/image\/\"},\"sameAs\":[\"https:\/\/www.facebook.com\/convegnochitarra\",\"https:\/\/www.instagram.com\/convegnochitarra\/\"]}]}<\/script>\n<!-- \/ Yoast SEO plugin. -->","yoast_head_json":{"title":"Storia - Convegno Internazionale di Chitarra","description":"La storia del Convegno internazionale\u2028 di chitarra | Conservatorio \u2028\u201cGiuseppe Verdi\u201d \u2028Sala Puccini \u2028| Sabato 8 ottobre 2022","robots":{"index":"index","follow":"follow","max-snippet":"max-snippet:-1","max-image-preview":"max-image-preview:large","max-video-preview":"max-video-preview:-1"},"canonical":"https:\/\/www.convegnochitarra.it\/index.php\/storia\/","og_locale":"it_IT","og_type":"article","og_title":"Storia - Convegno Internazionale di Chitarra","og_description":"La storia del Convegno internazionale\u2028 di chitarra | Conservatorio \u2028\u201cGiuseppe Verdi\u201d \u2028Sala Puccini \u2028| Sabato 8 ottobre 2022","og_url":"https:\/\/www.convegnochitarra.it\/index.php\/storia\/","og_site_name":"Convegno Internazionale di Chitarra","article_publisher":"https:\/\/www.facebook.com\/convegnochitarra","article_modified_time":"2024-08-14T21:37:44+00:00","twitter_card":"summary_large_image","twitter_misc":{"Tempo di lettura stimato":"3 minuti"},"schema":{"@context":"https:\/\/schema.org","@graph":[{"@type":"WebPage","@id":"https:\/\/www.convegnochitarra.it\/index.php\/storia\/","url":"https:\/\/www.convegnochitarra.it\/index.php\/storia\/","name":"Storia - Convegno Internazionale di Chitarra","isPartOf":{"@id":"https:\/\/www.convegnochitarra.it\/#website"},"datePublished":"2022-09-02T15:17:32+00:00","dateModified":"2024-08-14T21:37:44+00:00","description":"La storia del Convegno internazionale\u2028 di chitarra | Conservatorio \u2028\u201cGiuseppe Verdi\u201d \u2028Sala Puccini \u2028| Sabato 8 ottobre 2022","breadcrumb":{"@id":"https:\/\/www.convegnochitarra.it\/index.php\/storia\/#breadcrumb"},"inLanguage":"it-IT","potentialAction":[{"@type":"ReadAction","target":["https:\/\/www.convegnochitarra.it\/index.php\/storia\/"]}]},{"@type":"BreadcrumbList","@id":"https:\/\/www.convegnochitarra.it\/index.php\/storia\/#breadcrumb","itemListElement":[{"@type":"ListItem","position":1,"name":"Home","item":"https:\/\/www.convegnochitarra.it\/"},{"@type":"ListItem","position":2,"name":"Storia"}]},{"@type":"WebSite","@id":"https:\/\/www.convegnochitarra.it\/#website","url":"https:\/\/www.convegnochitarra.it\/","name":"Convegno Internazionale di Chitarra","description":"","publisher":{"@id":"https:\/\/www.convegnochitarra.it\/#organization"},"potentialAction":[{"@type":"SearchAction","target":{"@type":"EntryPoint","urlTemplate":"https:\/\/www.convegnochitarra.it\/?s={search_term_string}"},"query-input":"required name=search_term_string"}],"inLanguage":"it-IT"},{"@type":"Organization","@id":"https:\/\/www.convegnochitarra.it\/#organization","name":"Convegno Internazionale di Chitarra","url":"https:\/\/www.convegnochitarra.it\/","logo":{"@type":"ImageObject","inLanguage":"it-IT","@id":"https:\/\/www.convegnochitarra.it\/#\/schema\/logo\/image\/","url":"https:\/\/www.convegnochitarra.it\/wp-content\/uploads\/2022\/09\/convegno_logo.jpg","contentUrl":"https:\/\/www.convegnochitarra.it\/wp-content\/uploads\/2022\/09\/convegno_logo.jpg","width":1840,"height":718,"caption":"Convegno Internazionale di Chitarra"},"image":{"@id":"https:\/\/www.convegnochitarra.it\/#\/schema\/logo\/image\/"},"sameAs":["https:\/\/www.facebook.com\/convegnochitarra","https:\/\/www.instagram.com\/convegnochitarra\/"]}]}},"_links":{"self":[{"href":"https:\/\/www.convegnochitarra.it\/index.php\/wp-json\/wp\/v2\/pages\/2358"}],"collection":[{"href":"https:\/\/www.convegnochitarra.it\/index.php\/wp-json\/wp\/v2\/pages"}],"about":[{"href":"https:\/\/www.convegnochitarra.it\/index.php\/wp-json\/wp\/v2\/types\/page"}],"author":[{"embeddable":true,"href":"https:\/\/www.convegnochitarra.it\/index.php\/wp-json\/wp\/v2\/users\/1"}],"replies":[{"embeddable":true,"href":"https:\/\/www.convegnochitarra.it\/index.php\/wp-json\/wp\/v2\/comments?post=2358"}],"version-history":[{"count":32,"href":"https:\/\/www.convegnochitarra.it\/index.php\/wp-json\/wp\/v2\/pages\/2358\/revisions"}],"predecessor-version":[{"id":3986,"href":"https:\/\/www.convegnochitarra.it\/index.php\/wp-json\/wp\/v2\/pages\/2358\/revisions\/3986"}],"wp:attachment":[{"href":"https:\/\/www.convegnochitarra.it\/index.php\/wp-json\/wp\/v2\/media?parent=2358"}],"curies":[{"name":"wp","href":"https:\/\/api.w.org\/{rel}","templated":true}]}}